{"id":868,"date":"2026-03-05T04:45:29","date_gmt":"2026-03-05T04:45:29","guid":{"rendered":"https:\/\/sayaproperty.com\/?page_id=868"},"modified":"2026-03-07T06:02:07","modified_gmt":"2026-03-07T06:02:07","slug":"growth-example-early-investors-results","status":"publish","type":"page","link":"https:\/\/sayaproperty.com\/tr\/growth-example-early-investors-results\/","title":{"rendered":"Erken Yat\u0131r\u0131mc\u0131lar \u0130\u00e7in B\u00fcy\u00fcme \u00d6rne\u011fi"},"content":{"rendered":"<div class=\"wp-block-group alignfull ext-hero-section is-style-ext-preset--group--natural-1--section has-background-background-color has-background has-global-padding is-layout-constrained wp-container-core-group-is-layout-e96f6837 wp-block-group-is-layout-constrained\" style=\"margin-top:0;margin-bottom:0;padding-top:0;padding-right:0;padding-bottom:0;padding-left:0\">\n<div class=\"wp-block-cover alignfull is-style-ext-preset--cover--natural-1--cover-overlay-1 is-style-ext-preset--cover--natural-1--cover-overlay-1--2\" style=\"padding-top:var(--wp--preset--spacing--70);padding-right:var(--wp--preset--spacing--30);padding-bottom:var(--wp--preset--spacing--70);padding-left:var(--wp--preset--spacing--30);min-height:60vh;aspect-ratio:unset;\"><img fetchpriority=\"high\" decoding=\"async\" width=\"1024\" height=\"683\" class=\"wp-block-cover__image-background wp-image-842 size-large\" alt=\"\" src=\"https:\/\/sayaproperty.com\/wp-content\/uploads\/2026\/02\/ChatGPT-Image-28.-Feb.-2026-18_54_12-1024x683.png\" data-object-fit=\"cover\" srcset=\"https:\/\/sayaproperty.com\/wp-content\/uploads\/2026\/02\/ChatGPT-Image-28.-Feb.-2026-18_54_12-1024x683.png 1024w, https:\/\/sayaproperty.com\/wp-content\/uploads\/2026\/02\/ChatGPT-Image-28.-Feb.-2026-18_54_12-300x200.png 300w, https:\/\/sayaproperty.com\/wp-content\/uploads\/2026\/02\/ChatGPT-Image-28.-Feb.-2026-18_54_12-768x512.png 768w, https:\/\/sayaproperty.com\/wp-content\/uploads\/2026\/02\/ChatGPT-Image-28.-Feb.-2026-18_54_12-18x12.png 18w, https:\/\/sayaproperty.com\/wp-content\/uploads\/2026\/02\/ChatGPT-Image-28.-Feb.-2026-18_54_12.png 1536w\" sizes=\"(max-width: 1024px) 100vw, 1024px\" \/><span aria-hidden=\"true\" class=\"wp-block-cover__background has-background-dim-80 has-background-dim\" style=\"background-color:#010101\"><\/span><div class=\"wp-block-cover__inner-container has-global-padding is-layout-constrained wp-container-core-cover-is-layout-5cffc2c1 wp-block-cover-is-layout-constrained\">\n<div class=\"wp-block-group alignwide ext-is-logical-start has-global-padding is-content-justification-left is-layout-constrained wp-container-core-group-is-layout-3b932508 wp-block-group-is-layout-constrained\">\n<h1 class=\"wp-block-heading has-text-align-left ext-animate--on has-text-color has-link-color wp-elements-1fd02b791a34ce602ded1e6eba886b25\" style=\"color:#fefefe\">Yat\u0131r\u0131mc\u0131lar Nas\u0131l Kazan\u0131r<\/h1>\n\n\n\n<p class=\"has-text-align-left ext-animate--on\" style=\"margin-top:1.5rem\"><strong>OEV ekosistemi, s\u00fcrd\u00fcr\u00fclebilir bir de\u011fer d\u00f6ng\u00fcs\u00fc olu\u015fturmak i\u00e7in gayrimenkul, yapay zeka ve blockchain teknolojisini bir araya getirir.<\/strong><\/p>\n\n\n\n<p>Gayrimenkul sat\u0131\u015flar\u0131 ve kiralamalar\u0131ndan elde edilen gelir, <strong>likidite ve token geri al\u0131mlar\u0131 (buyback)<\/strong>;arac\u0131l\u0131\u011f\u0131yla tekrar ekosisteme aktar\u0131l\u0131r. Bu s\u00fcre\u00e7 piyasay\u0131 g\u00fc\u00e7lendirir ve uzun vadeli b\u00fcy\u00fcmeyi destekler.<\/p>\n\n\n\n<p class=\"has-text-align-left ext-animate--on\" style=\"margin-top:1.5rem\">Ekosistem b\u00fcy\u00fcd\u00fck\u00e7e ve daha fazla kat\u0131l\u0131mc\u0131 dahil olduk\u00e7a, token\u2019a olan talep artabilir \u2014 bu da erken destek\u00e7iler i\u00e7in g\u00fc\u00e7l\u00fc bir de\u011fer potansiyeli olu\u015fturur.<\/p>\n\n\n\n<h3 class=\"wp-block-heading\">\u00d6rnek Yat\u0131r\u0131m<\/h3>\n\n\n\n<p><strong>Bir yat\u0131r\u0131mc\u0131n\u0131n 1.000$ de\u011ferinde OEV token sat\u0131n ald\u0131\u011f\u0131n\u0131 d\u00fc\u015f\u00fcnelim.<\/strong><\/p>\n\n\n\n<p>Ekosistem gayrimenkul gelirleri, token geri al\u0131mlar\u0131 ve artan talep sayesinde b\u00fcy\u00fcd\u00fck\u00e7e token de\u011feri y\u00fckselir.<\/p>\n\n\n\n<p><strong>E\u011fer token de\u011feri 5 kat artarsa, ba\u015flang\u0131\u00e7taki 1.000$ yat\u0131r\u0131m 5.000$ de\u011ferine ula\u015fabilir.<\/strong><\/p>\n\n\n\n<h5 class=\"wp-block-heading alignfull\"><strong>\"Ger\u00e7ek Varl\u0131klar, Token Sahipleri \u0130\u00e7in Ger\u00e7ek De\u011fer \u00dcretiyor\"<\/strong><\/h5>\n\n\n\n<p><strong>OEV ekosisteminin nas\u0131l \u00e7al\u0131\u015ft\u0131\u011f\u0131na daha yak\u0131ndan bakal\u0131m<\/strong>:<\/p>\n<\/div>\n<\/div><\/div>\n<\/div>\n\n\n\n<div class=\"wp-block-group alignfull is-style-ext-preset--group--natural-1--section has-background-background-color has-background has-global-padding is-layout-constrained wp-block-group-is-layout-constrained\" style=\"margin-top:0;margin-bottom:0;padding-top:var(--wp--preset--spacing--70);padding-bottom:var(--wp--preset--spacing--70)\">\n<div class=\"wp-block-columns alignwide are-vertically-aligned-center is-layout-flex wp-container-core-columns-is-layout-174606dc wp-block-columns-is-layout-flex\">\n<div class=\"wp-block-column is-vertically-aligned-center is-layout-flow wp-block-column-is-layout-flow\">\n<figure class=\"wp-block-gallery has-nested-images columns-default is-cropped wp-block-gallery-5 is-layout-flex wp-block-gallery-is-layout-flex\">\n<figure class=\"wp-block-image size-full is-style-ext-preset--image--natural-1--image-1--content-right ext-animate--on is-style-ext-preset--image--natural-1--image-1--content-right--4\"><img decoding=\"async\" width=\"1080\" height=\"1350\" data-id=\"910\" src=\"https:\/\/sayaproperty.com\/wp-content\/uploads\/2026\/03\/OEV-TOKEN-1.jpg\" alt=\"\" class=\"wp-image-910\" style=\"object-fit:cover\" srcset=\"https:\/\/sayaproperty.com\/wp-content\/uploads\/2026\/03\/OEV-TOKEN-1.jpg 1080w, https:\/\/sayaproperty.com\/wp-content\/uploads\/2026\/03\/OEV-TOKEN-1-240x300.jpg 240w, https:\/\/sayaproperty.com\/wp-content\/uploads\/2026\/03\/OEV-TOKEN-1-819x1024.jpg 819w, https:\/\/sayaproperty.com\/wp-content\/uploads\/2026\/03\/OEV-TOKEN-1-768x960.jpg 768w, https:\/\/sayaproperty.com\/wp-content\/uploads\/2026\/03\/OEV-TOKEN-1-10x12.jpg 10w\" sizes=\"(max-width: 1080px) 100vw, 1080px\" \/><\/figure>\n<\/figure>\n<\/div>\n\n\n\n<div class=\"wp-block-column is-vertically-aligned-center is-layout-flow wp-block-column-is-layout-flow\">\n<h2 class=\"wp-block-heading ext-animate--on\">OEV Ekosistemi Nas\u0131l De\u011fer \u00dcretir<\/h2>\n\n\n\n<p class=\"ext-animate--on\">OEV ekosistemi, s\u00fcrd\u00fcr\u00fclebilir bir de\u011fer d\u00f6ng\u00fcs\u00fc olu\u015fturmak i\u00e7in gayrimenkul, yapay zeka ve blockchain teknolojisini bir araya getirir.<\/p>\n\n\n\n<p><strong>Gayrimenkul sat\u0131\u015flar\u0131 veya kira gelirlerinden elde edilen kazan\u00e7, likidite deste\u011fi ve token geri al\u0131mlar\u0131 (buyback) arac\u0131l\u0131\u011f\u0131yla tekrar ekosisteme aktar\u0131l\u0131r.<\/strong><\/p>\n\n\n\n<p>Ekosistem b\u00fcy\u00fcd\u00fck\u00e7e bu d\u00f6ng\u00fc piyasay\u0131 g\u00fc\u00e7lendirir ve OEV token\u2019\u0131n uzun vadeli de\u011ferini destekler.<\/p>\n\n\n\n<h3 class=\"wp-block-heading\">\u00d6rnek<\/h3>\n\n\n\n<p>Bir yat\u0131r\u0131mc\u0131n\u0131n 1.000$ de\u011ferinde OEV token sat\u0131n ald\u0131\u011f\u0131n\u0131 d\u00fc\u015f\u00fcnelim.<\/p>\n\n\n\n<p>Ekosistem gayrimenkul gelirleri, geri al\u0131mlar ve artan talep sayesinde b\u00fcy\u00fcd\u00fck\u00e7e token de\u011feri de artabilir.<\/p>\n\n\n\n<p>E\u011fer token de\u011feri 5 kat artarsa, ba\u015flang\u0131\u00e7taki 1.000$ yat\u0131r\u0131m 5.000$ de\u011ferine ula\u015fabilir.<\/p>\n\n\n\n<h3 class=\"wp-block-heading\">Yat\u0131r\u0131m Da\u011f\u0131l\u0131m\u0131<\/h3>\n\n\n\n<p class=\"ext-animate--on\"><strong>Hem blockchain ekosisteminin b\u00fcy\u00fcmesini hem de ger\u00e7ek d\u00fcnya yat\u0131r\u0131mlar\u0131n\u0131 desteklemek amac\u0131yla sistemin bir k\u0131sm\u0131 gayrimenkul yat\u0131r\u0131mlar\u0131 ile ba\u011flant\u0131l\u0131d\u0131r.<\/strong><\/p>\n\n\n\n<p>Yat\u0131r\u0131mc\u0131lar OEV token sat\u0131n ald\u0131\u011f\u0131nda, yat\u0131r\u0131m iki ana alana katk\u0131 sa\u011flar:<\/p>\n\n\n\n<ul class=\"wp-block-list\">\n<li>80% OEV token ekosistemi i\u00e7inde kal\u0131r ve likiditeyi, piyasa hareketlili\u011fini ve ekosistem b\u00fcy\u00fcmesini destekler.<\/li>\n\n\n\n<li><strong>20% gayrimenkul yat\u0131r\u0131mlar\u0131na ayr\u0131l\u0131r ve projeye ba\u011fl\u0131 ger\u00e7ek d\u00fcnya varl\u0131klar\u0131n\u0131n b\u00fcy\u00fcmesine katk\u0131 sa\u011flar.<\/strong><\/li>\n<\/ul>\n\n\n\n<p>Bu yap\u0131 dijital varl\u0131k b\u00fcy\u00fcmesini ger\u00e7ek d\u00fcnya gayrimenkul de\u011feri ile birle\u015ftirir ve ekosistemin uzun vadeli temelini g\u00fc\u00e7lendirir.<\/p>\n\n\n\n<p class=\"ext-animate--on\"><strong>Ger\u00e7ek d\u00fcnya varl\u0131klar\u0131 ile desteklenen bir blockchain ekosistemi.<\/strong><\/p>\n\n\n\n<div class=\"wp-block-buttons ext-animate--on is-layout-flex wp-block-buttons-is-layout-flex\">\n<div class=\"wp-block-button\"><a class=\"wp-block-button__link wp-element-button\" href=\"https:\/\/sayaproperty.com\/tr\/ecosystem-model\/\">Ekosistemi Ke\u015ffedin<\/a><\/div>\n<\/div>\n<\/div>\n<\/div>\n<\/div>\n\n\n\n<div class=\"wp-block-group alignfull is-style-ext-preset--group--natural-1--section has-background-background-color has-background has-global-padding is-layout-constrained wp-block-group-is-layout-constrained\" style=\"margin-top:0;margin-bottom:0;padding-top:var(--wp--preset--spacing--70);padding-bottom:var(--wp--preset--spacing--70)\">\n<div class=\"wp-block-columns alignwide are-vertically-aligned-center is-layout-flex wp-container-core-columns-is-layout-174606dc wp-block-columns-is-layout-flex\">\n<div class=\"wp-block-column is-vertically-aligned-center is-layout-flow wp-block-column-is-layout-flow\">\n<figure class=\"wp-block-image size-large is-style-ext-preset--image--natural-1--image-1--content-right ext-animate--on is-style-ext-preset--image--natural-1--image-1--content-right--7\"><img decoding=\"async\" width=\"1024\" height=\"683\" src=\"https:\/\/sayaproperty.com\/wp-content\/uploads\/2026\/02\/file_00000000e46c724695348b7c51f2f2c6-1024x683.png\" alt=\"\" class=\"wp-image-511\" style=\"aspect-ratio:1;object-fit:cover\" srcset=\"https:\/\/sayaproperty.com\/wp-content\/uploads\/2026\/02\/file_00000000e46c724695348b7c51f2f2c6-1024x683.png 1024w, https:\/\/sayaproperty.com\/wp-content\/uploads\/2026\/02\/file_00000000e46c724695348b7c51f2f2c6-300x200.png 300w, https:\/\/sayaproperty.com\/wp-content\/uploads\/2026\/02\/file_00000000e46c724695348b7c51f2f2c6-768x512.png 768w, https:\/\/sayaproperty.com\/wp-content\/uploads\/2026\/02\/file_00000000e46c724695348b7c51f2f2c6-18x12.png 18w, https:\/\/sayaproperty.com\/wp-content\/uploads\/2026\/02\/file_00000000e46c724695348b7c51f2f2c6.png 1536w\" sizes=\"(max-width: 1024px) 100vw, 1024px\" \/><\/figure>\n<\/div>\n\n\n\n<div class=\"wp-block-column is-vertically-aligned-center is-layout-flow wp-block-column-is-layout-flow\">\n<h2 class=\"wp-block-heading ext-animate--on\">\u00d6rnek Senaryo: Gayrimenkul Geni\u015flemesi<\/h2>\n\n\n\n<p class=\"ext-animate--on\" style=\"margin-top:1.5rem\">Ekosistemin topluluk kat\u0131l\u0131m\u0131 ile nas\u0131l b\u00fcy\u00fcyebilece\u011fini g\u00f6stermek i\u00e7in basit bir \u00f6rnek d\u00fc\u015f\u00fcnelim.<\/p>\n\n\n\n<p>E\u011fer ekosistem ortalama 1.000\u20ac yat\u0131r\u0131m yapan yakla\u015f\u0131k 4.000 yat\u0131r\u0131mc\u0131ya ula\u015f\u0131rsa, toplam yat\u0131r\u0131m sermayesi yakla\u015f\u0131k 4.000.000\u20ac seviyesine ula\u015fabilir.<\/p>\n\n\n\n<p>Bu sermaye ile proje gayrimenkul varl\u0131klar\u0131na yat\u0131r\u0131m yapabilir.<\/p>\n\n\n\n<p class=\"ext-animate--on\" style=\"margin-top:1.5rem\"><strong>E\u011fer ortalama bir gayrimenkul\u00fcn fiyat\u0131 40.000\u20ac ise, bu b\u00fct\u00e7e ile yakla\u015f\u0131k 100 adet gayrimenkul sat\u0131n al\u0131nabilir.<\/strong><\/p>\n\n\n\n<p class=\"ext-animate--on\" style=\"margin-top:1.5rem\">Saya Real Estate &amp; Investment Ltd. \u015eti. kurucusu olarak ben de <strong>(Yakup Kazakci)<\/strong> bu ekosistemde yat\u0131r\u0131mc\u0131 olarak yer almay\u0131 ve projenin b\u00fcy\u00fcmesine do\u011frudan katk\u0131 sa\u011flamay\u0131 planl\u0131yorum.<\/p>\n\n\n\n<h2 class=\"wp-block-heading ext-animate--on\">Potansiyel Kira Geliri<\/h2>\n\n\n\n<p>Gayrimenkullerin 100%\u2019sinin kiraya verildi\u011fini ve ortalama kira bedelinin ayl\u0131k 400\u20ac oldu\u011funu varsayarsak, ekosistem yakla\u015f\u0131k olarak:<\/p>\n\n\n\n<p><strong>Ayl\u0131k 40000\u20ac kira geliri elde edebilir.<\/strong><\/p>\n\n\n\n<p><strong>Not: Ger\u00e7ek kira getirisi ile aras\u0131nda de\u011fi\u015febilir. Bu oran; vergiler, sigorta giderleri, bak\u0131m ve tadilat masraflar\u0131 ile olas\u0131 hukuki giderler gibi fakt\u00f6rlere ba\u011fl\u0131 olarak farkl\u0131l\u0131k g\u00f6sterebilir.<\/strong><\/p>\n\n\n\n<div class=\"wp-block-columns is-layout-flex wp-container-core-columns-is-layout-28f84493 wp-block-columns-is-layout-flex\">\n<div class=\"wp-block-column is-layout-flow wp-block-column-is-layout-flow\" style=\"flex-basis:100%\">\n<p class=\"has-text-align-left\"><strong>Bu gelir likidite deste\u011fi, token geri al\u0131mlar\u0131 (buyback) ve ekosistemin daha fazla b\u00fcy\u00fcmesi i\u00e7in kullan\u0131labilir.<\/strong><\/p>\n<\/div>\n<\/div>\n\n\n\n<div class=\"wp-block-buttons ext-animate--on is-layout-flex wp-block-buttons-is-layout-flex\">\n<div class=\"wp-block-button is-style-ext-preset--button--natural-1--button-1 is-style-ext-preset--button--natural-1--button-1--8\"><a class=\"wp-block-button__link wp-element-button\" href=\"https:\/\/sayaproperty.com\/tr\/ecosystem-model\/#Phased\">A\u015famal\u0131 Varl\u0131k Edinme Yol Haritas\u0131n\u0131 G\u00f6r (Faz III)<\/a><\/div>\n<\/div>\n<\/div>\n<\/div>\n<\/div>\n\n\n\n<div class=\"wp-block-cover alignfull is-style-ext-preset--cover--natural-1--cover-overlay-1 is-style-ext-preset--cover--natural-1--cover-overlay-1--9\" style=\"padding-top:var(--wp--preset--spacing--70);padding-right:var(--wp--preset--spacing--30);padding-bottom:var(--wp--preset--spacing--70);padding-left:var(--wp--preset--spacing--30)\"><img loading=\"lazy\" decoding=\"async\" width=\"1024\" height=\"1024\" class=\"wp-block-cover__image-background wp-image-790 size-full\" alt=\"\" src=\"https:\/\/sayaproperty.com\/wp-content\/uploads\/2026\/02\/ChatGPT-Image-19.-Feb.-2026-11_38_43.png\" data-object-fit=\"cover\" srcset=\"https:\/\/sayaproperty.com\/wp-content\/uploads\/2026\/02\/ChatGPT-Image-19.-Feb.-2026-11_38_43.png 1024w, https:\/\/sayaproperty.com\/wp-content\/uploads\/2026\/02\/ChatGPT-Image-19.-Feb.-2026-11_38_43-300x300.png 300w, https:\/\/sayaproperty.com\/wp-content\/uploads\/2026\/02\/ChatGPT-Image-19.-Feb.-2026-11_38_43-150x150.png 150w, https:\/\/sayaproperty.com\/wp-content\/uploads\/2026\/02\/ChatGPT-Image-19.-Feb.-2026-11_38_43-768x768.png 768w, https:\/\/sayaproperty.com\/wp-content\/uploads\/2026\/02\/ChatGPT-Image-19.-Feb.-2026-11_38_43-12x12.png 12w\" sizes=\"(max-width: 1024px) 100vw, 1024px\" \/><span aria-hidden=\"true\" class=\"wp-block-cover__background has-background-dim-80 has-background-dim\" style=\"background-color:#010101\"><\/span><div class=\"wp-block-cover__inner-container has-global-padding is-layout-constrained wp-container-core-cover-is-layout-5cffc2c1 wp-block-cover-is-layout-constrained\">\n<div class=\"wp-block-group alignwide is-vertical is-layout-flex wp-container-core-group-is-layout-c35747d5 wp-block-group-is-layout-flex\">\n<div class=\"wp-block-group has-global-padding is-layout-constrained wp-container-core-group-is-layout-2287c683 wp-block-group-is-layout-constrained\">\n<h2 class=\"wp-block-heading has-text-align-left\">OEV Ekosisteminde Yer Al\u0131n<\/h2>\n\n\n\n<p class=\"has-text-align-left\">Resmi OEV\/BNB likidite havuzuna eri\u015fin ve gayrimenkul geni\u015fleme stratejisiyle uyumlu yap\u0131land\u0131r\u0131lm\u0131\u015f bir dijital varl\u0131kla etkile\u015fime ge\u00e7in.<\/p>\n<\/div>\n<\/div>\n\n\n\n<div style=\"background: linear-gradient(135deg, #0f1c2e, #1a2b4a);padding: 60px 30px;border-radius: 18px;text-align: center;max-width: 700px;margin: 0 auto;box-shadow: 0 20px 50px rgba(0,0,0,0.3);\">\r\n\r\n<h2 style=\"color:#ffffff; font-size:32px; margin-bottom:15px;\">\r\nOEV Token\u2019i G\u00fcvenli \u015eekilde Sat\u0131n Al\r\n<\/h2>\r\n\r\n<p style=\"color:#cbd5e1; font-size:16px; margin-bottom:35px;\">\r\nOEV token\u2019\u0131 BNB Smart Chain \u00fczerinde PancakeSwap veya Uniswap arac\u0131l\u0131\u011f\u0131yla g\u00fcvenli \u015fekilde sat\u0131n alabilirsiniz. Tercih etti\u011finiz merkeziyetsiz borsay\u0131 se\u00e7in.\r\n<\/p>\r\n\r\n<!-- Pancake Button -->\r\n<a href=\"https:\/\/pancakeswap.finance\/swap?outputCurrency=0x847B6702F1E50429eeD4aA4E0b35A230CCa28C66\"\r\ntarget=\"_blank\"\r\nstyle=\"display:inline-block;padding:14px 30px;margin:10px;font-size:16px;font-weight:600;border-radius:10px;text-decoration:none;color:#000;background: linear-gradient(135deg, #facc15, #f59e0b);box-shadow: 0 6px 20px rgba(250,204,21,0.4);transition:0.2s ease-in-out;\">\r\nOEV Token Sat\u0131n Al (PancakeSwap)\r\n<\/a>\r\n\r\n<!-- Uniswap Button -->\r\n<a href=\"https:\/\/app.uniswap.org\/#\/swap?outputCurrency=0x847B6702F1E50429eeD4aA4E0b35A230CCa28C66&#038;chain=bnb\"\r\ntarget=\"_blank\"\r\nstyle=\"display:inline-block;padding:14px 30px;margin:10px;font-size:16px;font-weight:600;border-radius:10px;text-decoration:none;color:#ffffff;background: linear-gradient(135deg, #ff00cc, #7a00ff);box-shadow: 0 6px 20px rgba(122,0,255,0.4);transition:0.2s ease-in-out;\">\r\nOEV Token Satin Al (Uniswap)\r\n<\/a>\r\n\r\n<\/div>\n<\/div><\/div>","protected":false},"excerpt":{"rendered":"<p>How the OEV Ecosystem Creates Value The OEV ecosystem combines real estate, AI and blockchain technology to create a sustainable value cycle. Revenue generated from property sales or rental income flows back into the ecosystem through liquidity support and token buybacks. As the ecosystem grows, this cycle helps strengthen the market and supports the long-term value of the OEV token. Example Imagine an early supporter investing $1,000 in OEV tokens. As the ecosystem expands through real estate revenue, buybacks and increasing demand, the token value can grow. If the token increases 5x, the initial $1,000 investment becomes $5,000. Investment Allocation To support both blockchain growth and real-world expansion, part of the ecosystem is connected to real estate investments. When investors purchase OEV tokens, the capital supports two key areas: This structure combines digital asset growth with real estate value creation, strengthening the long-term foundation of the ecosystem. Real assets creating real value for token holders. Example Scenario: Real Estate Expansion Let\u2019s consider a simplified example of how the ecosystem could grow through community participation. If the ecosystem attracts around 4,000 investors with an average investment of \u20ac1,000, the total investment capital would reach approximately \u20ac4,000,000. With this capital, the project could invest in real estate assets. If the average property price is \u20ac40,000, this budget could allow the acquisition of around 100 properties. As the founder of Saya Real Estate &amp; Investment Ltd. \u015eti., I (Yakup Kazakci) also plan to participate in the ecosystem as an investor and contribute directly to the growth of the project. Potential Rental Income Assuming 100% of the properties are rented, and the average monthly rent is \u20ac400 per property, the ecosystem could generate approximately: \u20ac40000 in monthly rental income. NOTE: The actual rental return may vary between 50% and 70% depending on several factors. These may include taxes, insurance costs, maintenance or renovation expenses, and possible legal costs. This revenue can contribute to the ecosystem through liquidity support, token buybacks, and further expansion.<\/p>","protected":false},"author":1,"featured_media":0,"parent":0,"menu_order":0,"comment_status":"closed","ping_status":"closed","template":"page-with-title","meta":{"footnotes":""},"class_list":["post-868","page","type-page","status-publish","hentry"],"aioseo_notices":[],"_links":{"self":[{"href":"https:\/\/sayaproperty.com\/tr\/wp-json\/wp\/v2\/pages\/868","targetHints":{"allow":["GET"]}}],"collection":[{"href":"https:\/\/sayaproperty.com\/tr\/wp-json\/wp\/v2\/pages"}],"about":[{"href":"https:\/\/sayaproperty.com\/tr\/wp-json\/wp\/v2\/types\/page"}],"author":[{"embeddable":true,"href":"https:\/\/sayaproperty.com\/tr\/wp-json\/wp\/v2\/users\/1"}],"replies":[{"embeddable":true,"href":"https:\/\/sayaproperty.com\/tr\/wp-json\/wp\/v2\/comments?post=868"}],"version-history":[{"count":28,"href":"https:\/\/sayaproperty.com\/tr\/wp-json\/wp\/v2\/pages\/868\/revisions"}],"predecessor-version":[{"id":923,"href":"https:\/\/sayaproperty.com\/tr\/wp-json\/wp\/v2\/pages\/868\/revisions\/923"}],"wp:attachment":[{"href":"https:\/\/sayaproperty.com\/tr\/wp-json\/wp\/v2\/media?parent=868"}],"curies":[{"name":"wp","href":"https:\/\/api.w.org\/{rel}","templated":true}]}}